{"id":30,"date":"2018-05-13T18:51:13","date_gmt":"2018-05-13T18:51:13","guid":{"rendered":"http:\/\/www.augenmoerth.at\/blog\/?page_id=30"},"modified":"2024-04-03T14:27:51","modified_gmt":"2024-04-03T14:27:51","slug":"kontakt-anfahrt","status":"publish","type":"page","link":"https:\/\/www.augenmoerth.at\/index.php\/kontakt-anfahrt\/","title":{"rendered":"Kontakt &#038; Anfahrt"},"content":{"rendered":"<p>Termine nach Vereinbarung.<\/p>\n<p>Wahlarztordination &#8211; keine Kassen.<\/p>\n<p>Zur Terminvereinbarung ersuche ich Sie um Kontaktaufnahme per Telefon:<br \/>\n<a href=\"tel:+43 676 933 0 588\"><strong>+43 676 933 0 588<\/strong><\/a><br \/>\noder E-Mail:<br \/>\n<a href=\"&#109;&#x61;&#105;&#x6c;&#116;&#x6f;&#58;&#x6f;&#102;&#x66;&#105;&#x63;&#101;&#x40;&#97;&#x75;&#103;&#x65;&#110;&#x6d;&#111;&#x65;&#114;&#x74;&#104;&#x2e;&#97;&#x74;\"><strong>&#x6f;&#102;&#x66;&#x69;&#99;&#x65;&#x40;&#97;&#x75;&#x67;&#101;&#x6e;&#x6d;o&#x65;&#x72;t&#x68;&#46;a&#x74;<\/strong><\/a><\/p>\n<p>Adresse: Marktplatz 1, 2232 Deutsch-Wagram<\/p>\n<div id=\"wpgmza_map\" class=\"wpgmza_map\" data-settings='{\"id\":\"1\",\"map_title\":\"Anfahrt\",\"map_width\":\"100\",\"map_height\":\"500\",\"map_start_lat\":\"48.300712\",\"map_start_lng\":\"16.565267\",\"map_start_location\":\"48.30071200000001,16.565266997344906\",\"map_start_zoom\":\"16\",\"default_marker\":\"0\",\"type\":\"1\",\"alignment\":\"1\",\"directions_enabled\":\"1\",\"styling_enabled\":\"0\",\"styling_json\":\"\",\"active\":\"0\",\"kml\":\"\",\"bicycle\":\"0\",\"traffic\":\"0\",\"dbox\":\"1\",\"dbox_width\":\"100\",\"listmarkers\":\"0\",\"listmarkers_advanced\":\"0\",\"filterbycat\":\"0\",\"ugm_enabled\":\"0\",\"ugm_category_enabled\":\"0\",\"fusion\":\"\",\"map_width_type\":\"\\\\%\",\"map_height_type\":\"px\",\"mass_marker_support\":\"1\",\"ugm_access\":\"0\",\"order_markers_by\":\"1\",\"order_markers_choice\":\"2\",\"show_user_location\":\"0\",\"default_to\":\"\",\"other_settings\":{\"store_locator_enabled\":2,\"store_locator_distance\":2,\"store_locator_default_radius\":\"10\",\"store_locator_not_found_message\":\"Keine Ergebnisse in dieser Position gefunden. Bitte versuche es erneut.\",\"store_locator_bounce\":1,\"store_locator_query_string\":\"PLZ \\\/ Adresse:\",\"store_locator_default_address\":\"\",\"wpgmza_store_locator_restrict\":\"\",\"store_locator_style\":\"modern\",\"wpgmza_store_locator_radius_style\":\"modern\",\"map_max_zoom\":\"1\",\"transport_layer\":0,\"wpgmza_theme_data\":\"\",\"wpgmza_show_points_of_interest\":1}}' data-map-id='1' Data-maps-engine='google-maps' data-shortcode-attributes='{\"id\":\"1\"}' style=\"display:block; overflow:auto; width:100%; height:500px; float:left;\"><\/div>\n<p>Mit der Schnellbahn S1 erreichen Sie Deutsch-Wagram von zB Wien Praterstern in nur 26 Minuten.<\/p>\n<p><img loading=\"lazy\" class=\"alignnone size-full wp-image-96\" src=\"https:\/\/www.augenmoerth.at\/blog\/wp-content\/uploads\/2018\/05\/S1Plan.jpg\" alt=\"\" width=\"854\" height=\"359\" srcset=\"https:\/\/www.augenmoerth.at\/wp-content\/uploads\/2018\/05\/S1Plan.jpg 854w, https:\/\/www.augenmoerth.at\/wp-content\/uploads\/2018\/05\/S1Plan-300x126.jpg 300w, https:\/\/www.augenmoerth.at\/wp-content\/uploads\/2018\/05\/S1Plan-768x323.jpg 768w\" sizes=\"(max-width: 854px) 100vw, 854px\" \/><\/p>\n<h5><img loading=\"lazy\" class=\"wp-image-110 aligncenter\" src=\"https:\/\/www.augenmoerth.at\/wp-content\/uploads\/2018\/07\/IMG_5825.jpg\" alt=\"\" width=\"393\" height=\"590\" srcset=\"https:\/\/www.augenmoerth.at\/wp-content\/uploads\/2018\/07\/IMG_5825.jpg 3456w, https:\/\/www.augenmoerth.at\/wp-content\/uploads\/2018\/07\/IMG_5825-200x300.jpg 200w, https:\/\/www.augenmoerth.at\/wp-content\/uploads\/2018\/07\/IMG_5825-768x1152.jpg 768w, https:\/\/www.augenmoerth.at\/wp-content\/uploads\/2018\/07\/IMG_5825-683x1024.jpg 683w, https:\/\/www.augenmoerth.at\/wp-content\/uploads\/2018\/07\/IMG_5825-1000x1500.jpg 1000w\" sizes=\"(max-width: 393px) 100vw, 393px\" \/><\/h5>\n<h5>Zus\u00e4tzliche Informationen gem\u00e4\u00df \u00a7\u00a724 und 25 MedienG und \u00a75 ECG: Websitebetreiber und Medieninhaber Dr. Kathrin M\u00f6rth \/ Mitglied der Wiener und der Nieder\u00f6sterreichischen \u00c4rztekammern \/ Fach\u00e4rztin f\u00fcr Augenheilkunde und Optometrie gem\u00e4\u00df \u00c4rztegesetz 1998 in der geltenden Fassung (siehe https:\/\/www.ris.bka.gv.at\/GeltendeFassung.wxe?Abfrage=Bundesnormen&amp;Gesetzesnummer=10011138) \/ Sitz des Medieninhabers: 2232 Deutsch-Wagram, Marktplatz 1<\/h5>\n","protected":false},"excerpt":{"rendered":"<p>Termine nach Vereinbarung. Wahlarztordination &#8211; keine Kassen. Zur Terminvereinbarung ersuche ich Sie um Kontaktaufnahme per Telefon: +43 676 933 0 588 oder E-Mail: &#111;&#x66;&#102;&#x69;&#99;&#x65;&#64;&#x61;u&#x67;e&#x6e;m&#x6f;e&#114;&#x74;&#104;&#x2e;&#97;&#x74; Adresse: Marktplatz 1, 2232 Deutsch-Wagram Mit der Schnellbahn S1 erreichen Sie Deutsch-Wagram von zB Wien Praterstern in nur 26 Minuten. Zus\u00e4tzliche Informationen gem\u00e4\u00df \u00a7\u00a724 und 25 MedienG und \u00a75 ECG: Websitebetreiber &hellip; <a href=\"https:\/\/www.augenmoerth.at\/index.php\/kontakt-anfahrt\/\" class=\"more-link\">Continue reading <span class=\"screen-reader-text\">Kontakt &#038; Anfahrt<\/span><\/a><\/p>\n","protected":false},"author":1,"featured_media":0,"parent":0,"menu_order":0,"comment_status":"closed","ping_status":"closed","template":"","meta":[],"_links":{"self":[{"href":"https:\/\/www.augenmoerth.at\/index.php\/wp-json\/wp\/v2\/pages\/30"}],"collection":[{"href":"https:\/\/www.augenmoerth.at\/index.php\/wp-json\/wp\/v2\/pages"}],"about":[{"href":"https:\/\/www.augenmoerth.at\/index.php\/wp-json\/wp\/v2\/types\/page"}],"author":[{"embeddable":true,"href":"https:\/\/www.augenmoerth.at\/index.php\/wp-json\/wp\/v2\/users\/1"}],"replies":[{"embeddable":true,"href":"https:\/\/www.augenmoerth.at\/index.php\/wp-json\/wp\/v2\/comments?post=30"}],"version-history":[{"count":18,"href":"https:\/\/www.augenmoerth.at\/index.php\/wp-json\/wp\/v2\/pages\/30\/revisions"}],"predecessor-version":[{"id":128,"href":"https:\/\/www.augenmoerth.at\/index.php\/wp-json\/wp\/v2\/pages\/30\/revisions\/128"}],"wp:attachment":[{"href":"https:\/\/www.augenmoerth.at\/index.php\/wp-json\/wp\/v2\/media?parent=30"}],"curies":[{"name":"wp","href":"https:\/\/api.w.org\/{rel}","templated":true}]}}