{"id":2,"date":"2018-05-13T07:48:23","date_gmt":"2018-05-13T07:48:23","guid":{"rendered":"http:\/\/www.augenmoerth.at\/blog\/?page_id=2"},"modified":"2018-05-29T20:24:02","modified_gmt":"2018-05-29T20:24:02","slug":"home","status":"publish","type":"page","link":"https:\/\/www.augenmoerth.at\/","title":{"rendered":"Home"},"content":{"rendered":"<p style=\"text-align: center;\"><strong>Herzlich willkommen bei Ihrer Augen\u00e4rztin in Deutsch-Wagram!<\/strong><\/p>\n<p style=\"text-align: center;\"><em>&#8222;Die Gesundheit Ihrer Augen steht f\u00fcr mich an oberster Stelle.&#8220;<\/em><\/p>\n<p style=\"text-align: center;\">Deshalb nehme ich mir f\u00fcr die Untersuchung und all Ihre Fragen und Anliegen ausf\u00fchrlich Zeit.<\/p>\n<p style=\"text-align: center;\">Ihre Dr. Kathrin M\u00f6rth<\/p>\n","protected":false},"excerpt":{"rendered":"<p>Herzlich willkommen bei Ihrer Augen\u00e4rztin in Deutsch-Wagram! &#8222;Die Gesundheit Ihrer Augen steht f\u00fcr mich an oberster Stelle.&#8220; Deshalb nehme ich mir f\u00fcr die Untersuchung und all Ihre Fragen und Anliegen ausf\u00fchrlich Zeit. Ihre Dr. Kathrin M\u00f6rth<\/p>\n","protected":false},"author":1,"featured_media":0,"parent":0,"menu_order":0,"comment_status":"closed","ping_status":"open","template":"","meta":[],"_links":{"self":[{"href":"https:\/\/www.augenmoerth.at\/index.php\/wp-json\/wp\/v2\/pages\/2"}],"collection":[{"href":"https:\/\/www.augenmoerth.at\/index.php\/wp-json\/wp\/v2\/pages"}],"about":[{"href":"https:\/\/www.augenmoerth.at\/index.php\/wp-json\/wp\/v2\/types\/page"}],"author":[{"embeddable":true,"href":"https:\/\/www.augenmoerth.at\/index.php\/wp-json\/wp\/v2\/users\/1"}],"replies":[{"embeddable":true,"href":"https:\/\/www.augenmoerth.at\/index.php\/wp-json\/wp\/v2\/comments?post=2"}],"version-history":[{"count":7,"href":"https:\/\/www.augenmoerth.at\/index.php\/wp-json\/wp\/v2\/pages\/2\/revisions"}],"predecessor-version":[{"id":72,"href":"https:\/\/www.augenmoerth.at\/index.php\/wp-json\/wp\/v2\/pages\/2\/revisions\/72"}],"wp:attachment":[{"href":"https:\/\/www.augenmoerth.at\/index.php\/wp-json\/wp\/v2\/media?parent=2"}],"curies":[{"name":"wp","href":"https:\/\/api.w.org\/{rel}","templated":true}]}}